{"id":119,"date":"2012-05-10T11:08:31","date_gmt":"2012-05-10T11:08:31","guid":{"rendered":"http:\/\/www.andrearellini.it\/?page_id=119"},"modified":"2021-08-11T18:08:12","modified_gmt":"2021-08-11T16:08:12","slug":"discografia","status":"publish","type":"page","link":"https:\/\/www.andrearellini.it\/?page_id=119","title":{"rendered":"il privilegio del mattino"},"content":{"rendered":"<p>andrearellini<em>cinque<\/em><\/p>\n<p><strong>IL PRIVILEGIO DEL MATTINO<\/strong><\/p>\n<p>anno: 2010<\/p>\n<p><a href=\"https:\/\/www.andrearellini.it\/wp-content\/uploads\/2012\/05\/il-privilegio-web.jpg\"><img loading=\"lazy\" class=\"aligncenter size-full wp-image-120\" title=\"il privilegio del mattino\" src=\"https:\/\/www.andrearellini.it\/wp-content\/uploads\/2012\/05\/il-privilegio-web.jpg\" alt=\"\" width=\"996\" height=\"960\" srcset=\"https:\/\/www.andrearellini.it\/wp-content\/uploads\/2012\/05\/il-privilegio-web.jpg 996w, https:\/\/www.andrearellini.it\/wp-content\/uploads\/2012\/05\/il-privilegio-web-300x289.jpg 300w\" sizes=\"(max-width: 996px) 100vw, 996px\" \/><\/a><\/p>\n<p><strong>Sandro Marra: clarinetto \/ sax contralto<\/strong><br \/>\n<strong>Andrea Rellini: violoncello \/ i <\/strong><br \/>\n<strong>Vincenzo Buongiorno: chitarra classica \/ semiacustica<\/strong><br \/>\n<strong>Massimo de Stephanis: contrabbasso<\/strong><br \/>\n<strong>Francesco Speziali:\u00a0 batteria<\/strong><\/p>\n<p>1 Via del Campanile (A.Rellini)<br \/>\n2 Danza di primavera (S. Marra)<br \/>\n3 Il privilegio del mattino (A.Rellini)<br \/>\n4 AP (S. Marra)<br \/>\n5 Rond\u00f2 delle stanze buie (S. Marra)<br \/>\n6 Le stanze buie (V.Buongiorno\/ A. Rellini)<br \/>\n7 Intermezzo (A.Rellini)<br \/>\n8 Comincio domani ( A. Rellini)<br \/>\n9 Mamma (V. Buongiorno)<\/p>\n<p>totale \u00a0 30:07<\/p>\n<p><em>Registrato il 24\/01\/2010 presso lo studio di registrazione \u201cGiottomusic\u201d di Perugia da Francesco Ciarfuglia, eccetto \u201cIntermezzo\u201d registrato in Home Recording a Luglio-Agosto 2010 da Federico\u00a0 Ortica.<\/em><br \/>\n<em>Missato da Francesco Ciarfuglia, Andrea Rellini, Vincenzo Buongiorno.<\/em><br \/>\n<em>Editing: Giulio Ciliani.<br \/>\n<\/em><em>Musica di Andrea Rellini, Sandro Marra e Vincenzo Buongiorno.<br \/>\nArrangiamenti di Andrea Rellini.<br \/>\nRealizzazione grafica a cura di: SEMISERIE (www.semiserie.com)<\/em><br \/>\n<em>Foto di copertina: Andrea Rellini.<\/em><br \/>\n<em>Foto interne: Giulio\u00a0 Ciliani e Andrea Rellini.<\/em><br \/>\n<em>Prodotto da Andrea Rellini.<\/em><\/p>\n<p><a href=\"https:\/\/store.cdbaby.com\/cd\/andrearellini3\" target=\"_blank\" rel=\"noopener noreferrer\">ANTEPRIMA BRANI<\/a><\/p>\n<p><iframe loading=\"lazy\" title=\"VIA DEL CAMPANILE by andrea.rellini\" width=\"750\" height=\"400\" scrolling=\"no\" frameborder=\"no\" src=\"https:\/\/w.soundcloud.com\/player\/?visual=true&#038;url=https%3A%2F%2Fapi.soundcloud.com%2Ftracks%2F46063325&#038;show_artwork=true&#038;maxwidth=750&#038;maxheight=1000&#038;dnt=1\"><\/iframe><\/p>\n<p><strong>ACQUISTA SU:<\/strong><\/p>\n<div><a href=\"https:\/\/music.apple.com\/it\/album\/il-privilegio-del-mattino\/1438918974\" target=\"_blank\" rel=\"noopener noreferrer\"><img loading=\"lazy\" title=\"iTunes\" src=\"https:\/\/www.andrearellini.it\/wp-content\/uploads\/2012\/05\/iTunes-300x96.jpg\" alt=\"\" width=\"138\" height=\"44\" class=\"alignnone\" \/><\/a><\/div>\n<p><strong>RECENSIONI:<\/strong><\/p>\n<p><strong>Neri Pollastri per &#8220;<a href=\"http:\/\/italia.allaboutjazz.com\/php\/article.php?id=6935\" target=\"_blank\" rel=\"noopener noreferrer\"><em>allaboutjazz <\/em><\/a>&#8220;<\/strong><\/p>\n<p>Il quintetto di giovani musicisti capitanato dal violoncellista umbro Andrea Rellini presenta un lavoro di jazz moderno dalle influenze eclettiche. Elemento di particolare originalit\u00e0 \u00e8 proprio la presenza del violoncello del leader, (relativamente) atipica linea conduttrice del gruppo che, con la sua personalit\u00e0 classica (lo stesso Rellini esce dal conservatorio e suona occasionalmente in ambito classico) tiene in equilibrio la musica del quintetto tra il mainstream evocato dal contralto di Sandro Marra (&#8220;Via del Campanile,&#8221; &#8220;Comincio domani&#8221;) e il lirismo popolare richiamato dalle chitarre di Vincenzo Buongiorno. Le atmosfere si fanno poi pi\u00f9 decisamente cameristiche quando Marra passa al clarinetto (&#8220;Rond\u00f2 delle stanze buie&#8221;), ma qui sono allora il contrabbasso di Massimo De Stephanis e la batteria di Francesco Speziali a recuperare il gruppo all&#8217;ambito jazzistico.<\/p>\n<p>Buone le composizioni, di Rellini, Marra e Buongiorno, divertita e divertente la conclusione con la telefonata in diretta della mamma di Buongiorno, Il privilegio del mattino \u00e8 una apprezzabile presentazione della formazione, che pecca solo un po&#8217; per la breve durata &#8211; mezz&#8217;ora pressoch\u00e9 esatta &#8211; che si riflette sulla durata dei brani, anch&#8217;essi tutti relativamente corti e perci\u00f2 forse un po&#8217; troppo ordinati e composti, con spazi limitati per la libert\u00e0 improvvisativa e per l&#8217;immissione di calore espressivo. Ma ciononostante il disco &#8220;suona&#8221; bene e si ascolta con piacere, cos\u00ec come il gruppo e i suoi musicisti meritano attenzione.<\/p>\n<p><strong>Enrico Bianchi per &#8220;<a href=\"http:\/\/www.jazzitalia.net\/recensioni\/ilprivilegiodelmattino.asp\" target=\"_blank\" rel=\"noopener noreferrer\">jazzitalia<\/a>&#8220;<\/strong><\/p>\n<p align=\"justify\">Andrea Rellini \u00e8 un musicista che porta nel jazz l&#8217;anima rock delle sue origini e la formazione classica di violoncellista-compositore. Questo lavoro nasce dalla collaborazione con Vincenzo Buongiorno, chitarrista eclettico, e Sandro Marra, jazzista che vanta numerose esperienze nel panorama nazionale e internazionale.<\/p>\n<p align=\"justify\">Il Jazz, che consente di trovare denominatori comuni tra strumenti e stili molto lontani fra loro, rende possibile l&#8217;alchimia che da luogo a <em>Il Privilegio del mattino<\/em>: un album ricco di sorprese, nel quale libert\u00e0 e riflessione convivono in equilibrio.<\/p>\n<p align=\"justify\">Il brano d&#8217;esordio \u00e8 <em>Via del Campanile<\/em> in cui, dalla fisicit\u00e0 dell&#8217;incontro tra arco e fiato, si sviluppa un tema la cui verve ritmica rende protagonisti la batteria di Speziali e il contrabbasso di De Stephanis. In<em> Danza di primavera<\/em> riecheggiano modalit\u00e0 &#8220;Irish&#8221;. Una ballata dalla freschezza e leggerezza non rinnegata negli interventi solistici, senza tuttavia scadere nel luogo comune.<br \/>\nMerita inoltre segnalare<em> Rond\u00f2 delle<\/em><em> stanze buie<\/em>, una sorta di preludio dalla misteriosa ed efficace ricerca timbrica allestita per introdurre <em>Le stanze buie <\/em>di Rellini e Buongiorno, con vioncello e clarinetto che visitano i pi\u00f9 nascosti angoli oscuri.<\/p>\n<p align=\"justify\">L&#8217;intero disco \u00e8 un miscuglio di umori mutevoli in un corpo unitario. Se ne apprezza la ricercatezza del suono e della strumentazione, ravvisabili sia nel gioco di affascinante fusione cello-sax e sia negli improvvisi vuoti, utili ai melodici &#8220;a solo&#8221; di Buongiorno. Dall&#8217;ascolto rimane nella memoria l&#8217;idea di un rinnovato e felice incontro tra un atteggiamento musicale colto, ma non certo accademico, e uno pi\u00f9 puramente jazzistico.<\/p>\n<p align=\"justify\"><strong>Fabio Ciminiera per &#8220;<a href=\"http:\/\/www.jazzconvention.net\/index.php?option=com_content&amp;view=article&amp;id=1124:andrea-rellini-cinque-il-privilegio-del-mattino&amp;catid=2:recensioni&amp;Itemid=11\" target=\"_blank\" rel=\"noopener noreferrer\">jazzconvention<\/a>&#8220;<\/strong><\/p>\n<p align=\"justify\">L&#8217;Andrea Rellini Cinque si presenta con una formazione non consueta e propone otto brani dal sapore particolare, in equilibrio tra jazz e accenti della tradizione italiana, sia folklorica che colta.<br \/>\nIl quintetto \u00e8 centrato sulle corde &#8211; violoncello, chitarra, contrabbasso &#8211; e quindi mette in luce un portato sonoro molto caratterizzato, capace di lavorare con il contrappunto e di costruire le armonie e il sostegno in maniera leggera. La voce del sassofono e il lavoro della batteria riportano nel vocabolario della formazione elementi pi\u00f9 vicini al linguaggio del jazz, lo swing e alcuni spunti modali.<br \/>\nLe anime del quintetto, naturalmente, si intrecciano e rivelano nella concezione dei brani una visione propria del quintetto. Danze, riferimenti classici e accenti popolari sono gli ingredienti di temi dall&#8217;andamento narrativo e pacato. I brani sono interpretati con eleganza essenziale e gusto. Il quintetto entra meglio nelle atmosfere dei brani, quando riesce a non pensare al tasso di &#8220;jazz&#8221; presente nel propria musica: talvolta i solisti ricorrono a movenze o accenti pi\u00f9 inclini all&#8217;idioma del jazz, come a voler riequilibrare il tono del lavoro. La musica, invece, si sviluppa con fluidit\u00e0 proprio quando riesce a contenere tutti gli elementi che la compongono e a dare loro risalto.<br \/>\nAnche se le composizioni sono a nome di Andrea Rellini, cinque, e Sandro Marra, tre, la formazione si muove con un equilibrio complessivo e rispettoso della variet\u00e0 di elementi che la compone. Il privilegio del mattino, infine, dura solamente trenta minuti e in questo modo mette ulteriormente in luce, attraverso una attenzione puntuale alla gestione del materiale, la concezione cameristica del disco.<\/p>\n<div><a href=\"http:\/\/www.sentireascoltare.com\/articolo\/1529\/penelope-sulla-luna-re-boot-21.html\" target=\"_blank\" rel=\"noopener noreferrer\">SENTIREASCOLTARE:<\/a><\/div>\n<div><\/div>\n<div>&#8230;Gran bel disco <em>Il privilegio del mattino<\/em> (autoproduzione, 7.1\/10) dell&#8217;<strong>AndrearelliniCinque<\/strong>, opera prima fatta di mezze luci e suonata da un quintetto batteria, contrabbasso, chitarra, sax\/clarinetto e violoncello&#8230;<\/div>\n<div><\/div>\n<div>RADIO:<\/div>\n<div><a href=\"http:\/\/www.animajazz.it\/modules.php?name=News&amp;file=article&amp;sid=1632\" target=\"_blank\" rel=\"noopener noreferrer\"><img loading=\"lazy\" class=\"alignnone wp-image-147\" title=\"logo\" src=\"https:\/\/www.andrearellini.it\/wp-content\/uploads\/2012\/05\/logo.gif\" alt=\"\" width=\"133\" height=\"59\" \/><\/a><\/div>\n<div><a href=\"http:\/\/www.radio3.rai.it\/dl\/radio3\/programmi\/puntata\/ContentItem-8b36375e-af86-4a0d-b39c-3ff6074e30f1.html?refresh_ce\" target=\"_blank\" rel=\"noopener noreferrer\"><img loading=\"lazy\" class=\"alignnone wp-image-151\" title=\"radio3\" src=\"https:\/\/www.andrearellini.it\/wp-content\/uploads\/2012\/05\/radio3.jpg\" alt=\"\" width=\"133\" height=\"74\" \/><\/a><\/div>\n","protected":false},"excerpt":{"rendered":"<p>andrearellinicinque IL PRIVILEGIO DEL MATTINO anno: 2010 Sandro Marra: clarinetto \/ sax contralto Andrea Rellini: violoncello \/ i Vincenzo Buongiorno: chitarra classica \/ semiacustica Massimo de Stephanis: contrabbasso Francesco Speziali:\u00a0 batteria 1 Via del Campanile (A.Rellini) 2 Danza di primavera (S. Marra) 3 Il privilegio del mattino (A.Rellini) 4 AP [&hellip;]<\/p>\n","protected":false},"author":1,"featured_media":0,"parent":0,"menu_order":0,"comment_status":"closed","ping_status":"open","template":"","meta":[],"_links":{"self":[{"href":"https:\/\/www.andrearellini.it\/index.php?rest_route=\/wp\/v2\/pages\/119"}],"collection":[{"href":"https:\/\/www.andrearellini.it\/index.php?rest_route=\/wp\/v2\/pages"}],"about":[{"href":"https:\/\/www.andrearellini.it\/index.php?rest_route=\/wp\/v2\/types\/page"}],"author":[{"embeddable":true,"href":"https:\/\/www.andrearellini.it\/index.php?rest_route=\/wp\/v2\/users\/1"}],"replies":[{"embeddable":true,"href":"https:\/\/www.andrearellini.it\/index.php?rest_route=%2Fwp%2Fv2%2Fcomments&post=119"}],"version-history":[{"count":39,"href":"https:\/\/www.andrearellini.it\/index.php?rest_route=\/wp\/v2\/pages\/119\/revisions"}],"predecessor-version":[{"id":1355,"href":"https:\/\/www.andrearellini.it\/index.php?rest_route=\/wp\/v2\/pages\/119\/revisions\/1355"}],"wp:attachment":[{"href":"https:\/\/www.andrearellini.it\/index.php?rest_route=%2Fwp%2Fv2%2Fmedia&parent=119"}],"curies":[{"name":"wp","href":"https:\/\/api.w.org\/{rel}","templated":true}]}}