{"id":1336,"date":"2021-08-09T16:52:44","date_gmt":"2021-08-09T14:52:44","guid":{"rendered":"http:\/\/www.andrearellini.it\/?page_id=1336"},"modified":"2021-08-12T12:50:00","modified_gmt":"2021-08-12T10:50:00","slug":"resistere","status":"publish","type":"page","link":"https:\/\/www.andrearellini.it\/?page_id=1336","title":{"rendered":"resistere"},"content":{"rendered":"\n<p><em>RESISTERE (dodicinote 2021)<\/em><\/p>\n\n\n\n<p>ASCOLTA \/ ACQUISTA<\/p>\n\n\n\n<div class=\"wp-block-columns\">\n<div class=\"wp-block-column\" style=\"flex-basis:100%\">\n<div class=\"wp-block-group\"><div class=\"wp-block-group__inner-container\">\n<figure class=\"wp-block-image size-full is-resized\"><a href=\"https:\/\/open.spotify.com\/album\/7bnCWiLVdWP7Qd82FFdo64?si=t1Ijhk5KRpaGiHVxT7RT9A&amp;dl_branch=1\" target=\"_blank\" rel=\"noopener\"><img loading=\"lazy\" src=\"https:\/\/www.andrearellini.it\/wp-content\/uploads\/2014\/06\/SPOTIFY.jpeg\" alt=\"\" class=\"wp-image-741\" width=\"165\" height=\"64\" srcset=\"https:\/\/www.andrearellini.it\/wp-content\/uploads\/2014\/06\/SPOTIFY.jpeg 360w, https:\/\/www.andrearellini.it\/wp-content\/uploads\/2014\/06\/SPOTIFY-300x117.jpeg 300w\" sizes=\"(max-width: 165px) 100vw, 165px\" \/><\/a><\/figure>\n<\/div><\/div>\n<\/div>\n<\/div>\n\n\n\n<div class=\"wp-block-columns\">\n<div class=\"wp-block-column\" style=\"flex-basis:100%\">\n<figure class=\"wp-block-image size-full is-resized\"><a href=\"https:\/\/music.apple.com\/it\/album\/resistere\/1580675619\" target=\"_blank\" rel=\"noopener\"><img loading=\"lazy\" src=\"https:\/\/www.andrearellini.it\/wp-content\/uploads\/2012\/05\/iTunes.jpg\" alt=\"\" class=\"wp-image-157\" width=\"196\" height=\"63\" srcset=\"https:\/\/www.andrearellini.it\/wp-content\/uploads\/2012\/05\/iTunes.jpg 396w, https:\/\/www.andrearellini.it\/wp-content\/uploads\/2012\/05\/iTunes-300x96.jpg 300w\" sizes=\"(max-width: 196px) 100vw, 196px\" \/><\/a><\/figure>\n<\/div>\n<\/div>\n\n\n\n<div class=\"wp-block-image\"><figure class=\"alignleft\"><img loading=\"lazy\" width=\"1024\" height=\"929\" src=\"https:\/\/www.andrearellini.it\/wp-content\/uploads\/2021\/08\/RESISTERE-RELLINI-fronte-COPERTINA-1-1024x929.jpg\" alt=\"\" class=\"wp-image-1331\" srcset=\"https:\/\/www.andrearellini.it\/wp-content\/uploads\/2021\/08\/RESISTERE-RELLINI-fronte-COPERTINA-1-1024x929.jpg 1024w, https:\/\/www.andrearellini.it\/wp-content\/uploads\/2021\/08\/RESISTERE-RELLINI-fronte-COPERTINA-1-300x272.jpg 300w, https:\/\/www.andrearellini.it\/wp-content\/uploads\/2021\/08\/RESISTERE-RELLINI-fronte-COPERTINA-1-768x697.jpg 768w, https:\/\/www.andrearellini.it\/wp-content\/uploads\/2021\/08\/RESISTERE-RELLINI-fronte-COPERTINA-1-1536x1394.jpg 1536w, https:\/\/www.andrearellini.it\/wp-content\/uploads\/2021\/08\/RESISTERE-RELLINI-fronte-COPERTINA-1.jpg 1651w\" sizes=\"(max-width: 1024px) 100vw, 1024px\" \/><\/figure><\/div>\n\n\n\n<p><\/p>\n\n\n\n<figure class=\"wp-block-embed is-type-rich is-provider-soundcloud wp-block-embed-soundcloud\"><div class=\"wp-block-embed__wrapper\">\n<iframe loading=\"lazy\" title=\"Da Come Mi Guardi by andrea.rellini\" width=\"750\" height=\"400\" scrolling=\"no\" frameborder=\"no\" src=\"https:\/\/w.soundcloud.com\/player\/?visual=true&#038;url=https%3A%2F%2Fapi.soundcloud.com%2Ftracks%2F1059143473&#038;show_artwork=true&#038;maxwidth=750&#038;maxheight=1000&#038;dnt=1&#038;secret_token=s-AXHSTZ2HFGw\"><\/iframe>\n<\/div><\/figure>\n\n\n\n\n\n<p><strong>RESISTERE\u00a0<\/strong>non \u00e8 il titolo\u00a0che andrebbe dato ad un album di brani musicali in tempi normali, ma poich\u00e9 \u00e8 ci\u00f2 che mi sono trovato a fare in questo periodo ho deciso di partire da qui ed utilizzarlo lo stesso.<br><br>Si tratta di una raccolta di brani che ho scritto per la danza contemporanea dalla pubblicazione del mio precedente lavoro (\u00a0<a href=\"https:\/\/www.andrearellini.it\/?page_id=576\">Motus, 2014, Tweedle\u00a0<\/a>) ad oggi: musica strumentale pensata\u00a0per il violoncello e per il suo potenziale polimorfo.<\/p>\n\n\n\n<p>Difficile \u00e8 per me descrivere i dieci brani che compongono\u00a0<strong>RESISTERE:\u00a0<\/strong>sono molto diversi fra loro, nati per differenti esigenze drammaturgiche, per comunicare pace o rivolta, dolcezza e malinconia, fatti per attivare\u00a0l&#8217;istinto o la mente. Li ho scritti cercando di dare ad essi una certa narrativit\u00e0, necessaria a volte alle coreografie, con schemi semplici come quello della forma-canzone, o sviluppando la melodia come se fosse un filo di fumo senza interruzioni, talvolta\u00a0con un contrappunto pi\u00f9 complesso\u00a0in altri casi con pochissimi elementi come se si trattasse di musica house.<br><br>Per realizzarli ho usato il violoncello sia in modo tradizionale (con l&#8217;arco o pizzicato) che non convenzionale, suonandolo cio\u00e8 come se fosse una chitarra classica, o elettrica, un basso, un contrabbasso, o uno strumento a percussione e sovraincidendolo fino ad ottenre un quartetto o un quintetto di violoncelli.<br><br>Ho registrato in casa durante i mesi di chiusura mettendo insieme cose gi\u00e0 scritte, altre da terminare e idee\u00a0nuove scritte per l&#8217;occasione.<\/p>\n\n\n\n<p><strong>TRACCE<\/strong>:<\/p>\n\n\n\n<ol><li>Le armi bianche &nbsp; (5:19)<\/li><li>Da come mi guardi&nbsp; (4:20)<\/li><li>Sette passi (4:47)<\/li><li>A casa&nbsp; (4:47)<\/li><li>Resistere (2:41)<\/li><li>Gioia mia&nbsp; (3:18)<\/li><li>L\u2019ultima ora (3:03)<\/li><li>Dis-crimine House&nbsp; (4:34)<\/li><li>Dis-crimine Finale (6:06)<\/li><li>Canone per il rovescio del cielo (4:58)<\/li><\/ol>\n\n\n\n<p><\/p>\n\n\n\n<p><strong>CREDITI: <\/strong><\/p>\n\n\n\n<p>Musiche di Andrea Rellini, scritte tra il 2016 ed il 2020, eccetto \u201cCanone per il rovescio del cielo\u201d (per orchestra d\u2019archi, 2005), arrangiato per cinque violoncelli nel 2019.<\/p>\n\n\n\n<p>Registrato in proprio nel 2020-21.<\/p>\n\n\n\n<p>Andrea Rellini: Violoncello: con l\u2019arco, pizzicato e percosso; registrazione ed editing.<\/p>\n\n\n\n<p>Federico Ortica: Missaggio<\/p>\n\n\n\n<p>Umberto Ugoberti @ Pitch Audio: Mastering<\/p>\n\n\n\n<p>Carlo Pennatini: Foto<\/p>\n\n\n\n<p>Sara Belia: Grafica<\/p>\n\n\n\n<p>Prodotto da Andrea Rellini per DODICINOTE<\/p>\n\n\n\n<p><strong><em>Credits:<\/em><\/strong><\/p>\n\n\n\n<p><strong><em>Music by Andrea Rellini, written between 2016 and 2020, except &#8220;Canone per il rovescio del cielo\u201d (for string orchestra, 2005), arranged for five cellos in 2019.<\/em><\/strong><\/p>\n\n\n\n<p><strong><em>Recorded between 2020-21.<\/em><\/strong><\/p>\n\n\n\n<p><strong><em>Andrea Rellini: Cello played pizzicato, with the bow and as a pecussion instrument; recording and editing.<\/em><\/strong><\/p>\n\n\n\n<p><strong><em>Federico Ortica: Mixing<\/em><\/strong><\/p>\n\n\n\n<p><strong><em>Umberto Ugoberti @ Pitch audio: Mastering<\/em><\/strong><\/p>\n\n\n\n<p><strong><em>Carlo Pennatini: Photos<\/em><\/strong><\/p>\n\n\n\n<p><strong><em>Sara Belia: Graphics<\/em><\/strong><\/p>\n\n\n\n<p><strong><em>Produced by Andrea Rellini for DODICINOTE&nbsp;<\/em><\/strong><\/p>\n\n\n\n<p><strong><em>\u00a9 2021 ANDREA RELLINI<\/em><\/strong><\/p>\n","protected":false},"excerpt":{"rendered":"<p>RESISTERE (dodicinote 2021) ASCOLTA \/ ACQUISTA RESISTERE\u00a0non \u00e8 il titolo\u00a0che andrebbe dato ad un album di brani musicali in tempi normali, ma poich\u00e9 \u00e8 ci\u00f2 che mi sono trovato a fare in questo periodo ho deciso di partire da qui ed utilizzarlo lo stesso. Si tratta di una raccolta di [&hellip;]<\/p>\n","protected":false},"author":1,"featured_media":0,"parent":0,"menu_order":0,"comment_status":"closed","ping_status":"closed","template":"","meta":[],"_links":{"self":[{"href":"https:\/\/www.andrearellini.it\/index.php?rest_route=\/wp\/v2\/pages\/1336"}],"collection":[{"href":"https:\/\/www.andrearellini.it\/index.php?rest_route=\/wp\/v2\/pages"}],"about":[{"href":"https:\/\/www.andrearellini.it\/index.php?rest_route=\/wp\/v2\/types\/page"}],"author":[{"embeddable":true,"href":"https:\/\/www.andrearellini.it\/index.php?rest_route=\/wp\/v2\/users\/1"}],"replies":[{"embeddable":true,"href":"https:\/\/www.andrearellini.it\/index.php?rest_route=%2Fwp%2Fv2%2Fcomments&post=1336"}],"version-history":[{"count":12,"href":"https:\/\/www.andrearellini.it\/index.php?rest_route=\/wp\/v2\/pages\/1336\/revisions"}],"predecessor-version":[{"id":1378,"href":"https:\/\/www.andrearellini.it\/index.php?rest_route=\/wp\/v2\/pages\/1336\/revisions\/1378"}],"wp:attachment":[{"href":"https:\/\/www.andrearellini.it\/index.php?rest_route=%2Fwp%2Fv2%2Fmedia&parent=1336"}],"curies":[{"name":"wp","href":"https:\/\/api.w.org\/{rel}","templated":true}]}}